{"id":2811,"date":"2021-04-05T06:48:52","date_gmt":"2021-04-05T06:48:52","guid":{"rendered":"http:\/\/localhost:8888\/newon\/?page_id=10"},"modified":"2025-12-03T09:48:44","modified_gmt":"2025-12-03T08:48:44","slug":"home-page","status":"publish","type":"page","link":"https:\/\/inidev.agency\/biletaria\/","title":{"rendered":"Home Page"},"content":{"rendered":"\t\t<div data-elementor-type=\"wp-page\" data-elementor-id=\"2811\" class=\"elementor elementor-2811\">\n\t\t\t\t<div class=\"elementor-element elementor-element-4aae5e3 e-con-full e-flex e-con e-parent\" data-id=\"4aae5e3\" data-element_type=\"container\" data-settings=\"{&quot;background_background&quot;:&quot;classic&quot;}\">\n\t\t\t\t<div class=\"elementor-element elementor-element-b2218df elementor-widget elementor-widget-heading\" data-id=\"b2218df\" data-element_type=\"widget\" data-widget_type=\"heading.default\">\n\t\t\t\t\t<h2 class=\"elementor-heading-title elementor-size-default\">TEATRI METROPOL<\/h2>\t\t\t\t<\/div>\n\t\t\t\t<\/div>\n\t\t<div class=\"elementor-element elementor-element-8dc870c e-flex e-con-boxed e-con e-parent\" data-id=\"8dc870c\" data-element_type=\"container\">\n\t\t\t\t\t<div class=\"e-con-inner\">\n\t\t\t\t<div class=\"elementor-element elementor-element-54d4239 elementor-widget elementor-widget-spacer\" data-id=\"54d4239\" data-element_type=\"widget\" data-widget_type=\"spacer.default\">\n\t\t\t\t\t\t\t<div class=\"elementor-spacer\">\n\t\t\t<div class=\"elementor-spacer-inner\"><\/div>\n\t\t<\/div>\n\t\t\t\t\t\t<\/div>\n\t\t\t\t\t<\/div>\n\t\t\t\t<\/div>\n\t\t<div class=\"elementor-element elementor-element-8ed55b2 e-flex e-con-boxed e-con e-parent\" data-id=\"8ed55b2\" data-element_type=\"container\">\n\t\t\t\t\t<div class=\"e-con-inner\">\n\t\t\t\t<div class=\"elementor-element elementor-element-dd9d5f9 elementor-widget elementor-widget-heading\" data-id=\"dd9d5f9\" data-element_type=\"widget\" data-widget_type=\"heading.default\">\n\t\t\t\t\t<h2 class=\"elementor-heading-title elementor-size-default\">Rreth nesh<\/h2>\t\t\t\t<\/div>\n\t\t\t\t\t<\/div>\n\t\t\t\t<\/div>\n\t\t<div class=\"elementor-element elementor-element-eb65134 e-flex e-con-boxed e-con e-parent\" data-id=\"eb65134\" data-element_type=\"container\">\n\t\t\t\t\t<div class=\"e-con-inner\">\n\t\t<div class=\"elementor-element elementor-element-557dc97 e-con-full e-flex e-con e-child\" data-id=\"557dc97\" data-element_type=\"container\">\n\t\t\t\t<div class=\"elementor-element elementor-element-9a4eb76 elementor-widget elementor-widget-text-editor\" data-id=\"9a4eb76\" data-element_type=\"widget\" data-widget_type=\"text-editor.default\">\n\t\t\t\t\t\t\t\t\t<p><strong>Teatri Metropol<\/strong>\u00a0\u00ebsht\u00eb nj\u00eb qend\u00ebr dinamike kulturore q\u00eb synon t\u00eb sjell\u00eb p\u00ebr publikun shqiptar dhe nd\u00ebrkomb\u00ebtar vepra teatrore me nivel t\u00eb lart\u00eb artistik. I udh\u00ebhequr nga vlerat e gjith\u00ebp\u00ebrfshirjes, dialogut konstruktiv dhe humanizmit universal, Metropoli \u00ebsht\u00eb nj\u00eb hap\u00ebsir\u00eb ku arti takon komunitetin dhe frym\u00ebzon reflektim, bashk\u00ebbisedim dhe rritje.<\/p><p><strong>Misioni yn\u00eb<\/strong>\u00a0\u00ebsht\u00eb t\u00eb realizojm\u00eb shfaqje cil\u00ebsore \u2013 shqiptare dhe bot\u00ebrore \u2013 q\u00eb flasin me ndershm\u00ebri dhe forc\u00eb artistike p\u00ebr realitetin dhe shpirtin njer\u00ebzor. Vizioni yn\u00eb \u00ebsht\u00eb t\u00eb nd\u00ebrtojm\u00eb nj\u00eb standard t\u00eb ri n\u00eb cil\u00ebsin\u00eb e prodhimit artistik dhe trajnimit profesional t\u00eb talenteve t\u00eb reja, duke i sh\u00ebrbyer nj\u00eb audience t\u00eb gjer\u00eb: f\u00ebmij\u00eb, t\u00eb rinj dhe t\u00eb rritur&#8230;<\/p>\t\t\t\t\t\t\t\t<\/div>\n\t\t\t\t<\/div>\n\t\t<div class=\"elementor-element elementor-element-eee506a e-con-full e-flex e-con e-child\" data-id=\"eee506a\" data-element_type=\"container\">\n\t\t\t\t<div class=\"elementor-element elementor-element-945f414 elementor-widget elementor-widget-image\" data-id=\"945f414\" data-element_type=\"widget\" data-widget_type=\"image.default\">\n\t\t\t\t\t\t\t\t\t\t\t\t\t\t\t<img fetchpriority=\"high\" decoding=\"async\" width=\"2560\" height=\"1722\" src=\"https:\/\/inidev.agency\/biletaria\/wp-content\/uploads\/2025\/11\/main-scaled.jpg\" class=\"attachment-full size-full wp-image-3526\" alt=\"\" srcset=\"https:\/\/inidev.agency\/biletaria\/wp-content\/uploads\/2025\/11\/main-scaled.jpg 2560w, https:\/\/inidev.agency\/biletaria\/wp-content\/uploads\/2025\/11\/main-300x202.jpg 300w, https:\/\/inidev.agency\/biletaria\/wp-content\/uploads\/2025\/11\/main-1024x689.jpg 1024w, https:\/\/inidev.agency\/biletaria\/wp-content\/uploads\/2025\/11\/main-768x517.jpg 768w, https:\/\/inidev.agency\/biletaria\/wp-content\/uploads\/2025\/11\/main-1536x1033.jpg 1536w, https:\/\/inidev.agency\/biletaria\/wp-content\/uploads\/2025\/11\/main-2048x1378.jpg 2048w\" sizes=\"(max-width: 2560px) 100vw, 2560px\" \/>\t\t\t\t\t\t\t\t\t\t\t\t\t\t\t<\/div>\n\t\t\t\t<\/div>\n\t\t\t\t\t<\/div>\n\t\t\t\t<\/div>\n\t\t<div class=\"elementor-element elementor-element-eb7794f e-flex e-con-boxed e-con e-parent\" data-id=\"eb7794f\" data-element_type=\"container\">\n\t\t\t\t\t<div class=\"e-con-inner\">\n\t\t\t\t<div class=\"elementor-element elementor-element-42a2362 elementor-widget elementor-widget-spacer\" data-id=\"42a2362\" data-element_type=\"widget\" data-widget_type=\"spacer.default\">\n\t\t\t\t\t\t\t<div class=\"elementor-spacer\">\n\t\t\t<div class=\"elementor-spacer-inner\"><\/div>\n\t\t<\/div>\n\t\t\t\t\t\t<\/div>\n\t\t\t\t\t<\/div>\n\t\t\t\t<\/div>\n\t\t<div class=\"elementor-element elementor-element-1e24a63 e-flex e-con-boxed e-con e-parent\" data-id=\"1e24a63\" data-element_type=\"container\">\n\t\t\t\t\t<div class=\"e-con-inner\">\n\t\t\t\t<div class=\"elementor-element elementor-element-08015d5 elementor-widget elementor-widget-heading\" data-id=\"08015d5\" data-element_type=\"widget\" data-widget_type=\"heading.default\">\n\t\t\t\t\t<h2 class=\"elementor-heading-title elementor-size-default\">EVENTE<\/h2>\t\t\t\t<\/div>\n\t\t\t\t<div class=\"elementor-element elementor-element-9afac87 elementor-widget elementor-widget-etn-event\" data-id=\"9afac87\" data-element_type=\"widget\" data-widget_type=\"etn-event.default\">\n\t\t\t\t<div class=\"elementor-widget-container\">\n\t\t\t\t\t<div class='etn-row etn-event-wrapper'>\n        <div class=\"etn-col-md-6 etn-col-lg-4\">\n        <div class=\"etn-event-item\">\n            <!-- thumbnail -->\n            <div class=\"etn-event-thumb\">\n                                    <a \n                        href=\"https:\/\/inidev.agency\/biletaria\/index.php\/etn\/audicion-i-hapur-per-aktore-20-35-vjec\/\" \n                        aria-label=\"Home Page\"\n                    >\n                        <img decoding=\"async\" src=\"https:\/\/inidev.agency\/biletaria\/wp-content\/uploads\/2025\/12\/AUDICION-I-HAPUR-PER-AKTORE-20-35-VJECTeatri-Metropol-ju-fton-ne-audicionin-e-hapur-per-aktore.jpg\" alt=\"Image\">\n                    <\/a>\n                \n                <div class=\"etn-event-category\">\n                    <span>Evente<\/span>                 <\/div>\n                            <\/div>\n            <!-- thumbnail start-->\n\n            <!-- content start-->\n            <div class=\"etn-event-content\">\n                                                            <div class=\"etn-event-location\">\n                            <i class=\"etn-icon etn-location\"><\/i>\n                            Tirana                        <\/div>\n                    \n                \n                <h3 class=\"etn-title etn-event-title\"><a href=\"https:\/\/inidev.agency\/biletaria\/index.php\/etn\/audicion-i-hapur-per-aktore-20-35-vjec\/\">\n                    AUDICION I HAPUR P\u00cbR AKTORE (20-35 VJE\u00c7)<\/a>\n                <\/h3>\n                                    <p>\n                        Teatri Metropol ju fton n\u00eb audicionin e hapur p\u00ebr aktore t\u00eb mosh\u00ebs 20-35 vje\u00e7 p\u00ebr shfaqjen \u201cHamlet\u201d, me autor William                    <\/p>\n                \n                <div class=\"etn-event-footer\">\n                    <div class=\"etn-event-date\">\n                                    <span>\n\t\t\t\t<i class=\"etn-icon etn-calendar\"><\/i>\n                27 September, 2025            <\/span>\n\t\t\t                    <\/div>\n                    <div class=\"etn-atend-btn\">\n                                                <a href=\"https:\/\/inidev.agency\/biletaria\/index.php\/etn\/audicion-i-hapur-per-aktore-20-35-vjec\/\" class=\"etn-btn etn-btn-border\"\n                            title=\"AUDICION I HAPUR P\u00cbR AKTORE (20-35 VJE\u00c7)\">Attend                            <i class=\"etn-icon etm-arrow-right\"><\/i><\/a>\n                                            <\/div>\n                <\/div>\n            <\/div>\n                        <!-- content end-->\n        <\/div>\n        <!-- etn event item end-->\n    <\/div>\n        <div class=\"etn-col-md-6 etn-col-lg-4\">\n        <div class=\"etn-event-item\">\n            <!-- thumbnail -->\n            <div class=\"etn-event-thumb\">\n                                    <a \n                        href=\"https:\/\/inidev.agency\/biletaria\/index.php\/etn\/le-festival-de-danse\/\" \n                        aria-label=\"Home Page\"\n                    >\n                        <img decoding=\"async\" src=\"https:\/\/inidev.agency\/biletaria\/wp-content\/uploads\/2025\/11\/\ud83e\ude70-Le-Festival-International-de-Danse-Contemporaine-revient-\ud83d\uddd3\ufe0fdu-9-au-25-octobre-\ud83d\udccc-11-octobr.jpg\" alt=\"Image\">\n                    <\/a>\n                \n                <div class=\"etn-event-category\">\n                    <span>Evente<\/span>                 <\/div>\n                            <\/div>\n            <!-- thumbnail start-->\n\n            <!-- content start-->\n            <div class=\"etn-event-content\">\n                                                            <div class=\"etn-event-location\">\n                            <i class=\"etn-icon etn-location\"><\/i>\n                            Tirana                        <\/div>\n                    \n                \n                <h3 class=\"etn-title etn-event-title\"><a href=\"https:\/\/inidev.agency\/biletaria\/index.php\/etn\/le-festival-de-danse\/\">\n                    Le Festival International de Danse Contemporaine revient<\/a>\n                <\/h3>\n                                    <p>\n                        \ud83e\ude70 Le Festival International de Danse Contemporaine revient \ud83d\uddd3\ufe0fdu 9 au 25 octobre ! \ud83d\udccc 11 octobre : le Ballet                    <\/p>\n                \n                <div class=\"etn-event-footer\">\n                    <div class=\"etn-event-date\">\n                                    <span>\n\t\t\t\t<i class=\"etn-icon etn-calendar\"><\/i>\n                11 October, 2025            <\/span>\n\t\t\t                    <\/div>\n                    <div class=\"etn-atend-btn\">\n                                                <a href=\"https:\/\/inidev.agency\/biletaria\/index.php\/etn\/le-festival-de-danse\/\" class=\"etn-btn etn-btn-border\"\n                            title=\"Le Festival International de Danse Contemporaine revient\">Attend                            <i class=\"etn-icon etm-arrow-right\"><\/i><\/a>\n                                            <\/div>\n                <\/div>\n            <\/div>\n                        <!-- content end-->\n        <\/div>\n        <!-- etn event item end-->\n    <\/div>\n        <div class=\"etn-col-md-6 etn-col-lg-4\">\n        <div class=\"etn-event-item\">\n            <!-- thumbnail -->\n            <div class=\"etn-event-thumb\">\n                                    <a \n                        href=\"https:\/\/inidev.agency\/biletaria\/index.php\/etn\/metrofest-9\/\" \n                        aria-label=\"Home Page\"\n                    >\n                        <img decoding=\"async\" src=\"https:\/\/inidev.agency\/biletaria\/wp-content\/uploads\/2025\/11\/METROFEST-9Teatri-Metropol-sjell-per-publikun-edicionin-e-nente-te-festivalit-te-pervitshem-te.jpg\" alt=\"Image\">\n                    <\/a>\n                \n                <div class=\"etn-event-category\">\n                    <span>Evente<\/span>                 <\/div>\n                            <\/div>\n            <!-- thumbnail start-->\n\n            <!-- content start-->\n            <div class=\"etn-event-content\">\n                                                            <div class=\"etn-event-location\">\n                            <i class=\"etn-icon etn-location\"><\/i>\n                            Tirana                        <\/div>\n                    \n                \n                <h3 class=\"etn-title etn-event-title\"><a href=\"https:\/\/inidev.agency\/biletaria\/index.php\/etn\/metrofest-9\/\">\n                    METROFEST 9<\/a>\n                <\/h3>\n                                    <p>\n                        Teatri Metropol sjell p\u00ebr publikun edicionin e n\u00ebnt\u00eb t\u00eb festivalit t\u00eb p\u00ebrvitsh\u00ebm t\u00eb vepr\u00ebs shqiptare, Metrofest 9. K\u00ebt\u00eb vit, festivali                    <\/p>\n                \n                <div class=\"etn-event-footer\">\n                    <div class=\"etn-event-date\">\n                                    <span>\n\t\t\t\t<i class=\"etn-icon etn-calendar\"><\/i>\n                30 October, 2025            <\/span>\n\t\t\t                    <\/div>\n                    <div class=\"etn-atend-btn\">\n                                                <a href=\"https:\/\/inidev.agency\/biletaria\/index.php\/etn\/metrofest-9\/\" class=\"etn-btn etn-btn-border\"\n                            title=\"METROFEST 9\">Attend                            <i class=\"etn-icon etm-arrow-right\"><\/i><\/a>\n                                            <\/div>\n                <\/div>\n            <\/div>\n                        <!-- content end-->\n        <\/div>\n        <!-- etn event item end-->\n    <\/div>\n    <\/div>\n\n\t\t\t\t<\/div>\n\t\t\t\t<\/div>\n\t\t\t\t\t<\/div>\n\t\t\t\t<\/div>\n\t\t<div class=\"elementor-element elementor-element-d679882 e-flex e-con-boxed e-con e-parent\" data-id=\"d679882\" data-element_type=\"container\">\n\t\t\t\t\t<div class=\"e-con-inner\">\n\t\t\t\t<div class=\"elementor-element elementor-element-d18af56 elementor-widget elementor-widget-heading\" data-id=\"d18af56\" data-element_type=\"widget\" data-widget_type=\"heading.default\">\n\t\t\t\t\t<h2 class=\"elementor-heading-title elementor-size-default\">Shfaqjet n\u00eb Teatrin Metropol<\/h2>\t\t\t\t<\/div>\n\t\t\t\t<div class=\"elementor-element elementor-element-40ab952 elementor-widget elementor-widget-etn-event\" data-id=\"40ab952\" data-element_type=\"widget\" data-widget_type=\"etn-event.default\">\n\t\t\t\t<div class=\"elementor-widget-container\">\n\t\t\t\t\t<div class='etn-row etn-event-wrapper'>\n        <div class=\"etn-col-md-6 etn-col-lg-6\">\n        <div class=\"etn-event-item\">\n            <!-- thumbnail -->\n            <div class=\"etn-event-thumb\">\n                                    <a \n                        href=\"https:\/\/inidev.agency\/biletaria\/index.php\/etn\/ndodhia-e-cuditshme-e-qenit-ne-mesnate\/\" \n                        aria-label=\"Home Page\"\n                    >\n                        <img decoding=\"async\" src=\"https:\/\/inidev.agency\/biletaria\/wp-content\/uploads\/2025\/11\/Ndodhia-e-cuditshme-e-qenit-ne-mesnate\ud83c\udfad-Ndodhia-e-cuditshme-e-qenit-ne-mesnate-eshte-nje-sh.jpg\" alt=\"Image\">\n                    <\/a>\n                \n                <div class=\"etn-event-category\">\n                    <span>Shfaqje<\/span>                 <\/div>\n                            <\/div>\n            <!-- thumbnail start-->\n\n            <!-- content start-->\n            <div class=\"etn-event-content\">\n                                                            <div class=\"etn-event-location\">\n                            <i class=\"etn-icon etn-location\"><\/i>\n                            Tirana                        <\/div>\n                    \n                \n                <h3 class=\"etn-title etn-event-title\"><a href=\"https:\/\/inidev.agency\/biletaria\/index.php\/etn\/ndodhia-e-cuditshme-e-qenit-ne-mesnate\/\">\n                    \u201cNdodhia e \u00e7uditshme e qenit n\u00eb mesnat\u00eb\u201d<\/a>\n                <\/h3>\n                                    <p>\n                        \ud83c\udfad \u201cNdodhia e \u00e7uditshme e qenit n\u00eb mesnat\u00eb\u201d \u00ebsht\u00eb nj\u00eb shfaqje q\u00eb t\u00eb b\u00ebn ta shoh\u00ebsh bot\u00ebn me sy t\u00eb                    <\/p>\n                \n                <div class=\"etn-event-footer\">\n                    <div class=\"etn-event-date\">\n                                    <span>\n\t\t\t\t<i class=\"etn-icon etn-calendar\"><\/i>\n                26 April, 2025            <\/span>\n\t\t\t                    <\/div>\n                    <div class=\"etn-atend-btn\">\n                                                <a href=\"https:\/\/inidev.agency\/biletaria\/index.php\/etn\/ndodhia-e-cuditshme-e-qenit-ne-mesnate\/\" class=\"etn-btn etn-btn-border\"\n                            title=\"\u201cNdodhia e \u00e7uditshme e qenit n\u00eb mesnat\u00eb\u201d\">Attend                            <i class=\"etn-icon etm-arrow-right\"><\/i><\/a>\n                                            <\/div>\n                <\/div>\n            <\/div>\n                        <!-- content end-->\n        <\/div>\n        <!-- etn event item end-->\n    <\/div>\n        <div class=\"etn-col-md-6 etn-col-lg-6\">\n        <div class=\"etn-event-item\">\n            <!-- thumbnail -->\n            <div class=\"etn-event-thumb\">\n                                    <a \n                        href=\"https:\/\/inidev.agency\/biletaria\/index.php\/etn\/femijet\/\" \n                        aria-label=\"Home Page\"\n                    >\n                        <img decoding=\"async\" src=\"https:\/\/inidev.agency\/biletaria\/wp-content\/uploads\/2025\/11\/FEMIJET-Nje-drame-e-fuqishme-dhe-thellesisht-njerezore-qe-flet-per-pergjegjesine-kujtesen-dhe-.jpg\" alt=\"Image\">\n                    <\/a>\n                \n                <div class=\"etn-event-category\">\n                    <span>Shfaqje<\/span>                 <\/div>\n                            <\/div>\n            <!-- thumbnail start-->\n\n            <!-- content start-->\n            <div class=\"etn-event-content\">\n                                                            <div class=\"etn-event-location\">\n                            <i class=\"etn-icon etn-location\"><\/i>\n                            Tirana                        <\/div>\n                    \n                \n                <h3 class=\"etn-title etn-event-title\"><a href=\"https:\/\/inidev.agency\/biletaria\/index.php\/etn\/femijet\/\">\n                    F\u00cbMIJ\u00cbT<\/a>\n                <\/h3>\n                                    <p>\n                        Nj\u00eb dram\u00eb e fuqishme dhe thell\u00ebsisht njer\u00ebzore, q\u00eb flet p\u00ebr p\u00ebrgjegj\u00ebsin\u00eb, kujtes\u00ebn dhe \u00e7mimin e zgjedhjeve tona. N\u00eb qend\u00ebr t\u00eb                    <\/p>\n                \n                <div class=\"etn-event-footer\">\n                    <div class=\"etn-event-date\">\n                                    <span>\n\t\t\t\t<i class=\"etn-icon etn-calendar\"><\/i>\n                24 September, 2025            <\/span>\n\t\t\t                    <\/div>\n                    <div class=\"etn-atend-btn\">\n                                                <a href=\"https:\/\/inidev.agency\/biletaria\/index.php\/etn\/femijet\/\" class=\"etn-btn etn-btn-border\"\n                            title=\"F\u00cbMIJ\u00cbT\">Attend                            <i class=\"etn-icon etm-arrow-right\"><\/i><\/a>\n                                            <\/div>\n                <\/div>\n            <\/div>\n                        <!-- content end-->\n        <\/div>\n        <!-- etn event item end-->\n    <\/div>\n    <\/div>\n\n\t\t\t\t<\/div>\n\t\t\t\t<\/div>\n\t\t\t\t\t<\/div>\n\t\t\t\t<\/div>\n\t\t<div class=\"elementor-element elementor-element-0b0f192 e-flex e-con-boxed e-con e-parent\" data-id=\"0b0f192\" data-element_type=\"container\">\n\t\t\t\t\t<div class=\"e-con-inner\">\n\t\t\t\t<div class=\"elementor-element elementor-element-b8833ee elementor-widget elementor-widget-spacer\" data-id=\"b8833ee\" data-element_type=\"widget\" data-widget_type=\"spacer.default\">\n\t\t\t\t\t\t\t<div class=\"elementor-spacer\">\n\t\t\t<div class=\"elementor-spacer-inner\"><\/div>\n\t\t<\/div>\n\t\t\t\t\t\t<\/div>\n\t\t\t\t\t<\/div>\n\t\t\t\t<\/div>\n\t\t<div class=\"elementor-element elementor-element-f960633 e-con-full e-flex e-con e-parent\" data-id=\"f960633\" data-element_type=\"container\">\n\t\t\t\t<div class=\"elementor-element elementor-element-7edec1b elementor-widget elementor-widget-heading\" data-id=\"7edec1b\" data-element_type=\"widget\" data-widget_type=\"heading.default\">\n\t\t\t\t\t<h2 class=\"elementor-heading-title elementor-size-default\">VENDNDODHJA<\/h2>\t\t\t\t<\/div>\n\t\t\t\t<div class=\"elementor-element elementor-element-dd135ec elementor-widget elementor-widget-google_maps\" data-id=\"dd135ec\" data-element_type=\"widget\" data-widget_type=\"google_maps.default\">\n\t\t\t\t\t\t\t<div class=\"elementor-custom-embed\">\n\t\t\t<iframe loading=\"lazy\"\n\t\t\t\t\tsrc=\"https:\/\/maps.google.com\/maps?q=Metropol%20Theater%2C%20Tirana%2C%20Albania&#038;t=m&#038;z=14&#038;output=embed&#038;iwloc=near\"\n\t\t\t\t\ttitle=\"Metropol Theater, Tirana, Albania\"\n\t\t\t\t\taria-label=\"Metropol Theater, Tirana, Albania\"\n\t\t\t><\/iframe>\n\t\t<\/div>\n\t\t\t\t\t\t<\/div>\n\t\t\t\t<\/div>\n\t\t<div class=\"elementor-element elementor-element-7ea5305 e-flex e-con-boxed e-con e-parent\" data-id=\"7ea5305\" data-element_type=\"container\">\n\t\t\t\t\t<div class=\"e-con-inner\">\n\t\t\t\t<div class=\"elementor-element elementor-element-f752d52 elementor-widget elementor-widget-spacer\" data-id=\"f752d52\" data-element_type=\"widget\" data-widget_type=\"spacer.default\">\n\t\t\t\t\t\t\t<div class=\"elementor-spacer\">\n\t\t\t<div class=\"elementor-spacer-inner\"><\/div>\n\t\t<\/div>\n\t\t\t\t\t\t<\/div>\n\t\t\t\t\t<\/div>\n\t\t\t\t<\/div>\n\t\t\t\t<\/div>\n\t\t","protected":false},"excerpt":{"rendered":"<p>TEATRI METROPOL Rreth nesh Teatri Metropol\u00a0\u00ebsht\u00eb nj\u00eb qend\u00ebr dinamike kulturore q\u00eb synon t\u00eb sjell\u00eb p\u00ebr publikun shqiptar dhe nd\u00ebrkomb\u00ebtar vepra teatrore me nivel t\u00eb lart\u00eb artistik. I udh\u00ebhequr nga vlerat e gjith\u00ebp\u00ebrfshirjes, dialogut konstruktiv dhe humanizmit universal, Metropoli \u00ebsht\u00eb nj\u00eb hap\u00ebsir\u00eb ku arti takon komunitetin dhe frym\u00ebzon reflektim, bashk\u00ebbisedim dhe rritje. Misioni yn\u00eb\u00a0\u00ebsht\u00eb t\u00eb realizojm\u00eb [&hellip;]<\/p>\n","protected":false},"author":1,"featured_media":0,"parent":0,"menu_order":0,"comment_status":"closed","ping_status":"closed","template":"elementor_header_footer","meta":{"footnotes":""},"class_list":["post-2811","page","type-page","status-publish","hentry"],"_links":{"self":[{"href":"https:\/\/inidev.agency\/biletaria\/index.php\/wp-json\/wp\/v2\/pages\/2811","targetHints":{"allow":["GET"]}}],"collection":[{"href":"https:\/\/inidev.agency\/biletaria\/index.php\/wp-json\/wp\/v2\/pages"}],"about":[{"href":"https:\/\/inidev.agency\/biletaria\/index.php\/wp-json\/wp\/v2\/types\/page"}],"author":[{"embeddable":true,"href":"https:\/\/inidev.agency\/biletaria\/index.php\/wp-json\/wp\/v2\/users\/1"}],"replies":[{"embeddable":true,"href":"https:\/\/inidev.agency\/biletaria\/index.php\/wp-json\/wp\/v2\/comments?post=2811"}],"version-history":[{"count":198,"href":"https:\/\/inidev.agency\/biletaria\/index.php\/wp-json\/wp\/v2\/pages\/2811\/revisions"}],"predecessor-version":[{"id":3542,"href":"https:\/\/inidev.agency\/biletaria\/index.php\/wp-json\/wp\/v2\/pages\/2811\/revisions\/3542"}],"wp:attachment":[{"href":"https:\/\/inidev.agency\/biletaria\/index.php\/wp-json\/wp\/v2\/media?parent=2811"}],"curies":[{"name":"wp","href":"https:\/\/api.w.org\/{rel}","templated":true}]}}