{"id":20,"date":"2021-04-05T06:53:44","date_gmt":"2021-04-05T06:53:44","guid":{"rendered":"http:\/\/localhost:8888\/newon\/?page_id=20"},"modified":"2025-11-14T12:53:35","modified_gmt":"2025-11-14T11:53:35","slug":"shfaqje","status":"publish","type":"page","link":"https:\/\/inidev.agency\/biletaria\/index.php\/shfaqje\/","title":{"rendered":"Shfaqje"},"content":{"rendered":"\t\t<div data-elementor-type=\"wp-page\" data-elementor-id=\"20\" class=\"elementor elementor-20\">\n\t\t\t\t<div class=\"elementor-element elementor-element-756e5bb e-flex e-con-boxed e-con e-parent\" data-id=\"756e5bb\" data-element_type=\"container\" data-settings=\"{&quot;background_background&quot;:&quot;classic&quot;}\">\n\t\t\t\t\t<div class=\"e-con-inner\">\n\t\t\t\t<div class=\"elementor-element elementor-element-4299511 elementor-widget elementor-widget-page-title\" data-id=\"4299511\" data-element_type=\"widget\" data-widget_type=\"page-title.default\">\n\t\t\t\t<div class=\"elementor-widget-container\">\n\t\t\t\t\t\t\t\n\t\t<div class=\"hfe-page-title hfe-page-title-wrapper elementor-widget-heading\">\n\n\t\t\t\t\t\t\t\t\t\t\t<a href=\"https:\/\/inidev.agency\/biletaria\">\n\t\t\t\t\t\t<h2 class=\"elementor-heading-title elementor-size-default\">\n\t\t\t\t\t\t\t\t\n\t\t\t\tShfaqje  \n\t\t\t<\/h2 > \n\t\t\t\t\t\t\t\t\t<\/a>\n\t\t\t\t\t<\/div>\n\t\t\t\t\t\t<\/div>\n\t\t\t\t<\/div>\n\t\t\t\t\t<\/div>\n\t\t\t\t<\/div>\n\t\t<div class=\"elementor-element elementor-element-7bb820f e-flex e-con-boxed e-con e-parent\" data-id=\"7bb820f\" data-element_type=\"container\">\n\t\t\t\t\t<div class=\"e-con-inner\">\n\t\t\t\t<div class=\"elementor-element elementor-element-08600f9 elementor-widget elementor-widget-spacer\" data-id=\"08600f9\" data-element_type=\"widget\" data-widget_type=\"spacer.default\">\n\t\t\t\t\t\t\t<div class=\"elementor-spacer\">\n\t\t\t<div class=\"elementor-spacer-inner\"><\/div>\n\t\t<\/div>\n\t\t\t\t\t\t<\/div>\n\t\t\t\t\t<\/div>\n\t\t\t\t<\/div>\n\t\t<div class=\"elementor-element elementor-element-d932829 e-flex e-con-boxed e-con e-parent\" data-id=\"d932829\" data-element_type=\"container\">\n\t\t\t\t\t<div class=\"e-con-inner\">\n\t\t<div class=\"elementor-element elementor-element-87e4bc9 e-con-full e-flex e-con e-child\" data-id=\"87e4bc9\" data-element_type=\"container\" data-settings=\"{&quot;background_background&quot;:&quot;classic&quot;}\">\n\t\t\t\t<div class=\"elementor-element elementor-element-53139b3 elementor-widget elementor-widget-etn-event\" data-id=\"53139b3\" data-element_type=\"widget\" data-widget_type=\"etn-event.default\">\n\t\t\t\t<div class=\"elementor-widget-container\">\n\t\t\t\t\t<div class='etn-row etn-event-wrapper'>\n        <div class=\"etn-col-md-6 etn-col-lg-6\">\n        <div class=\"etn-event-item\">\n            <!-- thumbnail -->\n            <div class=\"etn-event-thumb\">\n                                    <a \n                        href=\"https:\/\/inidev.agency\/biletaria\/index.php\/etn\/ndodhia-e-cuditshme-e-qenit-ne-mesnate\/\" \n                        aria-label=\"Shfaqje\"\n                    >\n                        <img decoding=\"async\" src=\"https:\/\/inidev.agency\/biletaria\/wp-content\/uploads\/2025\/11\/Ndodhia-e-cuditshme-e-qenit-ne-mesnate\ud83c\udfad-Ndodhia-e-cuditshme-e-qenit-ne-mesnate-eshte-nje-sh.jpg\" alt=\"Image\">\n                    <\/a>\n                \n                <div class=\"etn-event-category\">\n                    <span>Shfaqje<\/span>                 <\/div>\n                            <\/div>\n            <!-- thumbnail start-->\n\n            <!-- content start-->\n            <div class=\"etn-event-content\">\n                                                            <div class=\"etn-event-location\">\n                            <i class=\"etn-icon etn-location\"><\/i>\n                            Tirana                        <\/div>\n                    \n                \n                <h3 class=\"etn-title etn-event-title\"><a href=\"https:\/\/inidev.agency\/biletaria\/index.php\/etn\/ndodhia-e-cuditshme-e-qenit-ne-mesnate\/\">\n                    \u201cNdodhia e \u00e7uditshme e qenit n\u00eb mesnat\u00eb\u201d<\/a>\n                <\/h3>\n                                    <p>\n                        \ud83c\udfad \u201cNdodhia e \u00e7uditshme e qenit n\u00eb mesnat\u00eb\u201d \u00ebsht\u00eb nj\u00eb shfaqje q\u00eb t\u00eb b\u00ebn ta shoh\u00ebsh bot\u00ebn me sy t\u00eb                    <\/p>\n                \n                <div class=\"etn-event-footer\">\n                    <div class=\"etn-event-date\">\n                                    <span>\n\t\t\t\t<i class=\"etn-icon etn-calendar\"><\/i>\n                26 April, 2025            <\/span>\n\t\t\t                    <\/div>\n                    <div class=\"etn-atend-btn\">\n                                                <a href=\"https:\/\/inidev.agency\/biletaria\/index.php\/etn\/ndodhia-e-cuditshme-e-qenit-ne-mesnate\/\" class=\"etn-btn etn-btn-border\"\n                            title=\"\u201cNdodhia e \u00e7uditshme e qenit n\u00eb mesnat\u00eb\u201d\">Attend                            <i class=\"etn-icon etm-arrow-right\"><\/i><\/a>\n                                            <\/div>\n                <\/div>\n            <\/div>\n                        <!-- content end-->\n        <\/div>\n        <!-- etn event item end-->\n    <\/div>\n        <div class=\"etn-col-md-6 etn-col-lg-6\">\n        <div class=\"etn-event-item\">\n            <!-- thumbnail -->\n            <div class=\"etn-event-thumb\">\n                                    <a \n                        href=\"https:\/\/inidev.agency\/biletaria\/index.php\/etn\/femijet\/\" \n                        aria-label=\"Shfaqje\"\n                    >\n                        <img decoding=\"async\" src=\"https:\/\/inidev.agency\/biletaria\/wp-content\/uploads\/2025\/11\/FEMIJET-Nje-drame-e-fuqishme-dhe-thellesisht-njerezore-qe-flet-per-pergjegjesine-kujtesen-dhe-.jpg\" alt=\"Image\">\n                    <\/a>\n                \n                <div class=\"etn-event-category\">\n                    <span>Shfaqje<\/span>                 <\/div>\n                            <\/div>\n            <!-- thumbnail start-->\n\n            <!-- content start-->\n            <div class=\"etn-event-content\">\n                                                            <div class=\"etn-event-location\">\n                            <i class=\"etn-icon etn-location\"><\/i>\n                            Tirana                        <\/div>\n                    \n                \n                <h3 class=\"etn-title etn-event-title\"><a href=\"https:\/\/inidev.agency\/biletaria\/index.php\/etn\/femijet\/\">\n                    F\u00cbMIJ\u00cbT<\/a>\n                <\/h3>\n                                    <p>\n                        Nj\u00eb dram\u00eb e fuqishme dhe thell\u00ebsisht njer\u00ebzore, q\u00eb flet p\u00ebr p\u00ebrgjegj\u00ebsin\u00eb, kujtes\u00ebn dhe \u00e7mimin e zgjedhjeve tona. N\u00eb qend\u00ebr t\u00eb                    <\/p>\n                \n                <div class=\"etn-event-footer\">\n                    <div class=\"etn-event-date\">\n                                    <span>\n\t\t\t\t<i class=\"etn-icon etn-calendar\"><\/i>\n                24 September, 2025            <\/span>\n\t\t\t                    <\/div>\n                    <div class=\"etn-atend-btn\">\n                                                <a href=\"https:\/\/inidev.agency\/biletaria\/index.php\/etn\/femijet\/\" class=\"etn-btn etn-btn-border\"\n                            title=\"F\u00cbMIJ\u00cbT\">Attend                            <i class=\"etn-icon etm-arrow-right\"><\/i><\/a>\n                                            <\/div>\n                <\/div>\n            <\/div>\n                        <!-- content end-->\n        <\/div>\n        <!-- etn event item end-->\n    <\/div>\n    <\/div>\n\n\t\t\t\t<\/div>\n\t\t\t\t<\/div>\n\t\t\t\t<\/div>\n\t\t\t\t\t<\/div>\n\t\t\t\t<\/div>\n\t\t<div class=\"elementor-element elementor-element-8677b78 e-flex e-con-boxed e-con e-parent\" data-id=\"8677b78\" data-element_type=\"container\">\n\t\t\t\t\t<div class=\"e-con-inner\">\n\t\t\t\t<div class=\"elementor-element elementor-element-49968d0 elementor-widget elementor-widget-spacer\" data-id=\"49968d0\" data-element_type=\"widget\" data-widget_type=\"spacer.default\">\n\t\t\t\t\t\t\t<div class=\"elementor-spacer\">\n\t\t\t<div class=\"elementor-spacer-inner\"><\/div>\n\t\t<\/div>\n\t\t\t\t\t\t<\/div>\n\t\t\t\t\t<\/div>\n\t\t\t\t<\/div>\n\t\t\t\t<\/div>\n\t\t","protected":false},"excerpt":{"rendered":"<p>Shfaqje Shfaqje Tirana \u201cNdodhia e \u00e7uditshme e qenit n\u00eb mesnat\u00eb\u201d \ud83c\udfad \u201cNdodhia e \u00e7uditshme e qenit n\u00eb mesnat\u00eb\u201d \u00ebsht\u00eb nj\u00eb shfaqje q\u00eb t\u00eb b\u00ebn ta shoh\u00ebsh bot\u00ebn me sy t\u00eb 26 April, 2025 Attend Shfaqje Tirana F\u00cbMIJ\u00cbT Nj\u00eb dram\u00eb e fuqishme dhe thell\u00ebsisht njer\u00ebzore, q\u00eb flet p\u00ebr p\u00ebrgjegj\u00ebsin\u00eb, kujtes\u00ebn dhe \u00e7mimin e zgjedhjeve tona. N\u00eb [&hellip;]<\/p>\n","protected":false},"author":1,"featured_media":0,"parent":0,"menu_order":0,"comment_status":"closed","ping_status":"closed","template":"elementor_header_footer","meta":{"footnotes":""},"class_list":["post-20","page","type-page","status-publish","hentry"],"_links":{"self":[{"href":"https:\/\/inidev.agency\/biletaria\/index.php\/wp-json\/wp\/v2\/pages\/20","targetHints":{"allow":["GET"]}}],"collection":[{"href":"https:\/\/inidev.agency\/biletaria\/index.php\/wp-json\/wp\/v2\/pages"}],"about":[{"href":"https:\/\/inidev.agency\/biletaria\/index.php\/wp-json\/wp\/v2\/types\/page"}],"author":[{"embeddable":true,"href":"https:\/\/inidev.agency\/biletaria\/index.php\/wp-json\/wp\/v2\/users\/1"}],"replies":[{"embeddable":true,"href":"https:\/\/inidev.agency\/biletaria\/index.php\/wp-json\/wp\/v2\/comments?post=20"}],"version-history":[{"count":19,"href":"https:\/\/inidev.agency\/biletaria\/index.php\/wp-json\/wp\/v2\/pages\/20\/revisions"}],"predecessor-version":[{"id":3512,"href":"https:\/\/inidev.agency\/biletaria\/index.php\/wp-json\/wp\/v2\/pages\/20\/revisions\/3512"}],"wp:attachment":[{"href":"https:\/\/inidev.agency\/biletaria\/index.php\/wp-json\/wp\/v2\/media?parent=20"}],"curies":[{"name":"wp","href":"https:\/\/api.w.org\/{rel}","templated":true}]}}